{"id":2180,"date":"2025-03-26T11:49:57","date_gmt":"2025-03-26T10:49:57","guid":{"rendered":"https:\/\/sinsoma.com\/impressum\/"},"modified":"2025-07-14T21:40:22","modified_gmt":"2025-07-14T19:40:22","slug":"imprint","status":"publish","type":"page","link":"https:\/\/sinsoma.com\/en\/imprint\/","title":{"rendered":"Imprint"},"content":{"rendered":"<div class=\"wis-cnt-row wis-cnt-row-pad-bttm-m\" data-conedi-key=\"row-100\"><div class=\"wis-cnt-row-innr\"><div class=\"wis-cnt-col wis-cnt-col-100\"><div class=\"wis-cnt-col-innr\"><div class=\"wis-cnt-ce-ctr wis-cnt-ce-txt wis-cnt-ce-ctr-pad-bttm-m\" data-conedi-key=\"text-block\"><div class=\"wis-cnt-ce\"><p>Sinsoma GmbH<br>Lannes 6<br>6176 V\u00f6ls<br>\u00d6sterreich<\/p><p>Tel.: +43 502390<br>E-Mail: office@sinsoma.com<\/p><p>Firmenbuchgericht: Landes- und Handelsgericht Innsbruck<br>Firmenbuchnummer: FN 493406y<\/p><p>Gesch\u00e4ftsf\u00fchrer: Dr. Michael Traugott<\/p><p>UID Nummer: ATU73438318<\/p><p>Beh\u00f6rde gem\u00e4\u00df ECG: k.A.<\/p><p>Unternehmensgegenstand: k.A.<br><\/p><\/div><\/div><div class=\"wis-cnt-ce-ctr wis-cnt-ce-txt wis-cnt-ce-ctr-pad-bttm-m\" data-conedi-key=\"text-block\"><div class=\"wis-cnt-ce\"><p>Plattform der EU-Kommission zur Online-Streitbeilegung: <a data-mce-href=\"https:\/\/ec.europa.eu\/consumers\/odr\" href=\"https:\/\/ec.europa.eu\/consumers\/odr\" target=\"_blank\" rel=\"noopener\" data-mce-selected=\"inline-boundary\">https:\/\/ec.europa.eu\/consumers\/odr<\/a><\/p><p>Wir sind zur Teilnahme an einem Streitbeilegungsverfahren vor einer Verbraucherschlichtungsstelle nicht verpflichtet, hierzu jedoch bereit.<\/p><p><span class=\"wis-cnt-ce-fw-bld\">Haftungsausschluss<\/span><br>Der Autor \u00fcbernimmt keinerlei Gew\u00e4hr hinsichtlich der inhaltlichen Richtigkeit, Genauigkeit, Aktualit\u00e4t, Zuverl\u00e4ssigkeit und Vollst\u00e4ndigkeit der Informationen.<\/p><p>Haftungsanspr\u00fcche gegen den Autor wegen Sch\u00e4den materieller oder immaterieller Art, welche aus dem Zugriff oder der Nutzung bzw. Nichtnutzung der ver\u00f6ffentlichten Informationen, durch Missbrauch der Verbindung oder durch technische St\u00f6rungen entstanden sind, werden ausgeschlossen.<\/p><p>Alle Angebote sind unverbindlich. Der Autor beh\u00e4lt es sich ausdr\u00fccklich vor, Teile der Seiten oder das gesamte Angebot ohne gesonderte Ank\u00fcndigung zu ver\u00e4ndern, zu erg\u00e4nzen, zu l\u00f6schen oder die Ver\u00f6ffentlichung zeitweise oder endg\u00fcltig einzustellen.<\/p><p><span class=\"wis-cnt-ce-fw-bld\">Haftung f\u00fcr Links<\/span><br>Verweise und Links auf Webseiten Dritter liegen ausserhalb unseres. Verantwortungsbereichs Es wird jegliche Verantwortung f\u00fcr solche Webseiten abgelehnt. &nbsp;Der Zugriff und die Nutzung solcher Webseiten erfolgen auf eigene Gefahr des Nutzers oder der Nutzerin.<\/p><p><span class=\"wis-cnt-ce-fw-bld\">Urheberrechte<\/span><br>Die Urheberrechte und alle anderen Rechte an Inhalten, Bildern, Fotos oder anderen Dateien auf der Website geh\u00f6ren ausschliesslich der Sinsoma GmbH oder den speziell genannten Rechtsinhabern. F\u00fcr die Reproduktion jeglicher Elemente ist die schriftliche Zustimmung der Urheberrechtstr\u00e4ger im Voraus einzuholen.<\/p><p><span class=\"wis-cnt-ce-fw-bld\">Datenschutz<\/span><br>Unsere Datenschutzerkl\u00e4rung finden Sie unter folgendem Link: Datenschutz&nbsp;<\/p><\/div><\/div><\/div><\/div><\/div><\/div>","protected":false},"excerpt":{"rendered":"<p>Sinsoma GmbHLannes 66176 V\u00f6ls\u00d6sterreichTel.: +43 502390E-Mail: office@sinsoma.comFirmenbuchgericht: Landes- und Handelsgericht InnsbruckFirmenbuchnummer: FN 493406yGesch\u00e4ftsf\u00fchrer: Dr. Michael TraugottUID Nummer: ATU73438318Beh\u00f6rde gem\u00e4\u00df ECG: k.A.Unternehmensgegenstand: k.A.Plattform der EU-Kommission zur Online-Streitbeilegung: https:\/\/ec.europa.eu\/consumers\/odrWir sind zur Teilnahme an einem Streitbeilegungsverfahren vor einer Verbraucherschlichtungsstelle nicht verpflichtet, hierzu jedoch bereit.HaftungsausschlussDer Autor \u00fcbernimmt keinerlei Gew\u00e4hr hinsichtlich der inhaltlichen Richtigkeit, Genauigkeit, Aktualit\u00e4t, Zuverl\u00e4ssigkeit und Vollst\u00e4ndigkeit der [&hellip;]<\/p>\n","protected":false},"author":1,"featured_media":0,"parent":0,"menu_order":1000,"comment_status":"closed","ping_status":"closed","template":"","meta":{"footnotes":""},"class_list":["post-2180","page","type-page","status-publish","hentry"],"_links":{"self":[{"href":"https:\/\/sinsoma.com\/en\/wp-json\/wp\/v2\/pages\/2180","targetHints":{"allow":["GET"]}}],"collection":[{"href":"https:\/\/sinsoma.com\/en\/wp-json\/wp\/v2\/pages"}],"about":[{"href":"https:\/\/sinsoma.com\/en\/wp-json\/wp\/v2\/types\/page"}],"author":[{"embeddable":true,"href":"https:\/\/sinsoma.com\/en\/wp-json\/wp\/v2\/users\/1"}],"replies":[{"embeddable":true,"href":"https:\/\/sinsoma.com\/en\/wp-json\/wp\/v2\/comments?post=2180"}],"version-history":[{"count":1,"href":"https:\/\/sinsoma.com\/en\/wp-json\/wp\/v2\/pages\/2180\/revisions"}],"predecessor-version":[{"id":2181,"href":"https:\/\/sinsoma.com\/en\/wp-json\/wp\/v2\/pages\/2180\/revisions\/2181"}],"wp:attachment":[{"href":"https:\/\/sinsoma.com\/en\/wp-json\/wp\/v2\/media?parent=2180"}],"curies":[{"name":"wp","href":"https:\/\/api.w.org\/{rel}","templated":true}]}}